{"id":7,"date":"2021-11-28T14:29:01","date_gmt":"2021-11-28T13:29:01","guid":{"rendered":"https:\/\/www.levnysport.cz\/?page_id=7"},"modified":"2021-11-28T16:44:03","modified_gmt":"2021-11-28T15:44:03","slug":"kontakt","status":"publish","type":"page","link":"https:\/\/www.levnysport.cz\/?page_id=7","title":{"rendered":"Kontakt"},"content":{"rendered":"\n<h3>Najdete n\u00e1s na adrese: <\/h3>\n\n\n\n<p>5. kv\u011btna 728, 512 51 Lomnice nad Popelkou<\/p>\n\n\n\n<p>Telefon: + 420 603 827 384<\/p>\n\n\n\n<p><a href=\"https:\/\/www.levnysport.cz\/?page_id=2\" data-type=\"page\" data-id=\"2\">Kontaktujte n\u00e1s on-line<\/a><\/p>\n\n\n\n<h3>Otev\u00edrac\u00ed doba prodejny a servisu: <\/h3>\n\n\n\n<figure class=\"wp-block-table\"><table><tbody><tr><td>pond\u011bl\u00ed <\/td><td>9\u201312, 13\u201317 <\/td><\/tr><tr><td>\u00fater\u00fd <\/td><td>9\u201312, 13\u201317<\/td><\/tr><tr><td>st\u0159eda <\/td><td>9\u201312, 13\u201317<\/td><\/tr><tr><td>\u010dtvrtek <\/td><td>9\u201312, 13\u201317<\/td><\/tr><tr><td>p\u00e1tek <\/td><td>9\u201312, 13\u201317<\/td><\/tr><tr><td>sobota <\/td><td>9\u201312<\/td><\/tr><tr><td>ned\u011ble<\/td><td>zav\u0159eno<\/td><\/tr><\/tbody><\/table><\/figure>\n","protected":false},"excerpt":{"rendered":"<p>Najdete n\u00e1s na adrese: 5. kv\u011btna 728, 512 51 Lomnice nad Popelkou Telefon: + 420 603 827 384 Kontaktujte n\u00e1s on-line Otev\u00edrac\u00ed doba prodejny a servisu: pond\u011bl\u00ed 9\u201312, 13\u201317 \u00fater\u00fd 9\u201312, 13\u201317 st\u0159eda 9\u201312, 13\u201317 \u010dtvrtek 9\u201312, 13\u201317 p\u00e1tek 9\u201312, 13\u201317 sobota 9\u201312 ned\u011ble zav\u0159eno<\/p>\n","protected":false},"author":1,"featured_media":0,"parent":0,"menu_order":0,"comment_status":"closed","ping_status":"closed","template":"","meta":{"spay_email":""},"_links":{"self":[{"href":"https:\/\/www.levnysport.cz\/index.php?rest_route=\/wp\/v2\/pages\/7"}],"collection":[{"href":"https:\/\/www.levnysport.cz\/index.php?rest_route=\/wp\/v2\/pages"}],"about":[{"href":"https:\/\/www.levnysport.cz\/index.php?rest_route=\/wp\/v2\/types\/page"}],"author":[{"embeddable":true,"href":"https:\/\/www.levnysport.cz\/index.php?rest_route=\/wp\/v2\/users\/1"}],"replies":[{"embeddable":true,"href":"https:\/\/www.levnysport.cz\/index.php?rest_route=%2Fwp%2Fv2%2Fcomments&post=7"}],"version-history":[{"count":3,"href":"https:\/\/www.levnysport.cz\/index.php?rest_route=\/wp\/v2\/pages\/7\/revisions"}],"predecessor-version":[{"id":73,"href":"https:\/\/www.levnysport.cz\/index.php?rest_route=\/wp\/v2\/pages\/7\/revisions\/73"}],"wp:attachment":[{"href":"https:\/\/www.levnysport.cz\/index.php?rest_route=%2Fwp%2Fv2%2Fmedia&parent=7"}],"curies":[{"name":"wp","href":"https:\/\/api.w.org\/{rel}","templated":true}]}}