{"id":64,"date":"2021-11-28T16:37:13","date_gmt":"2021-11-28T15:37:13","guid":{"rendered":"https:\/\/www.levnysport.cz\/?page_id=64"},"modified":"2021-11-28T16:38:03","modified_gmt":"2021-11-28T15:38:03","slug":"servis-jizdnich-kol","status":"publish","type":"page","link":"https:\/\/www.levnysport.cz\/?page_id=64","title":{"rendered":"Servis j\u00edzdn\u00edch kol"},"content":{"rendered":"\n<p>Nejen v letn\u00ed sez\u00f3n\u011b V\u00e1m nab\u00edz\u00edme komplexn\u00ed servis v\u0161ech typ\u016f j\u00edzdn\u00edch kol. Disponujeme profesion\u00e1ln\u011b vybavenou d\u00edlnou jak pro z\u00e1kladn\u00ed tak n\u00e1ro\u010dn\u011bj\u0161\u00ed servisn\u00ed \u00fakony.<\/p>\n\n\n\n<h3>Nab\u00eddka servisu j\u00edzdn\u00edch kol<\/h3>\n\n\n\n<ul><li>Ve\u0161ker\u00e9 opravy horsk\u00fdch (MTB), trekkingov\u00fdch a silni\u010dn\u00edch kol a jejich se\u0159\u00edzen\u00ed<\/li><li>Opravy a repase odpru\u017een\u00fdch vidlic <\/li><li>Se\u0159\u00edzen\u00ed, odvzdu\u0161n\u011bn\u00ed a opravy brzd<\/li><li>Vypl\u00e9t\u00e1n\u00ed a centrov\u00e1n\u00ed kol<\/li><li>Mont\u00e1\u017e a nastaven\u00ed tachometr\u016f, sv\u011btel, v\u00fdm\u011bny bateri\u00ed<\/li><li>Poradenstv\u00ed<\/li><\/ul>\n","protected":false},"excerpt":{"rendered":"<p>Nejen v letn\u00ed sez\u00f3n\u011b V\u00e1m nab\u00edz\u00edme komplexn\u00ed servis v\u0161ech typ\u016f j\u00edzdn\u00edch kol. Disponujeme profesion\u00e1ln\u011b vybavenou d\u00edlnou jak pro z\u00e1kladn\u00ed tak n\u00e1ro\u010dn\u011bj\u0161\u00ed servisn\u00ed \u00fakony. Nab\u00eddka servisu j\u00edzdn\u00edch kol Ve\u0161ker\u00e9 opravy horsk\u00fdch (MTB), trekkingov\u00fdch a silni\u010dn\u00edch kol a jejich se\u0159\u00edzen\u00ed Opravy a repase odpru\u017een\u00fdch vidlic Se\u0159\u00edzen\u00ed, odvzdu\u0161n\u011bn\u00ed a opravy brzd Vypl\u00e9t\u00e1n\u00ed a centrov\u00e1n\u00ed kol Mont\u00e1\u017e a nastaven\u00ed&hellip; <a class=\"more-link\" href=\"https:\/\/www.levnysport.cz\/?page_id=64\">Pokra\u010dovat ve\u00a0\u010dten\u00ed <span class=\"screen-reader-text\">Servis j\u00edzdn\u00edch kol<\/span><\/a><\/p>\n","protected":false},"author":1,"featured_media":0,"parent":57,"menu_order":0,"comment_status":"closed","ping_status":"closed","template":"","meta":{"spay_email":""},"_links":{"self":[{"href":"https:\/\/www.levnysport.cz\/index.php?rest_route=\/wp\/v2\/pages\/64"}],"collection":[{"href":"https:\/\/www.levnysport.cz\/index.php?rest_route=\/wp\/v2\/pages"}],"about":[{"href":"https:\/\/www.levnysport.cz\/index.php?rest_route=\/wp\/v2\/types\/page"}],"author":[{"embeddable":true,"href":"https:\/\/www.levnysport.cz\/index.php?rest_route=\/wp\/v2\/users\/1"}],"replies":[{"embeddable":true,"href":"https:\/\/www.levnysport.cz\/index.php?rest_route=%2Fwp%2Fv2%2Fcomments&post=64"}],"version-history":[{"count":2,"href":"https:\/\/www.levnysport.cz\/index.php?rest_route=\/wp\/v2\/pages\/64\/revisions"}],"predecessor-version":[{"id":66,"href":"https:\/\/www.levnysport.cz\/index.php?rest_route=\/wp\/v2\/pages\/64\/revisions\/66"}],"up":[{"embeddable":true,"href":"https:\/\/www.levnysport.cz\/index.php?rest_route=\/wp\/v2\/pages\/57"}],"wp:attachment":[{"href":"https:\/\/www.levnysport.cz\/index.php?rest_route=%2Fwp%2Fv2%2Fmedia&parent=64"}],"curies":[{"name":"wp","href":"https:\/\/api.w.org\/{rel}","templated":true}]}}