{"id":51,"date":"2021-11-28T16:02:23","date_gmt":"2021-11-28T15:02:23","guid":{"rendered":"https:\/\/www.levnysport.cz\/?page_id=51"},"modified":"2021-11-28T16:02:23","modified_gmt":"2021-11-28T15:02:23","slug":"vyber-sjezdovych-lyzi","status":"publish","type":"page","link":"https:\/\/www.levnysport.cz\/?page_id=51","title":{"rendered":"V\u00fdb\u011br sjezdov\u00fdch ly\u017e\u00ed"},"content":{"rendered":"\n<h3><strong>\u00davodem<\/strong><\/h3>\n\n\n\n<p>V&nbsp;prvn\u00ed \u0159ad\u011b je nutn\u00e9 si ujasnit sou\u010dasnou situaci. 99% ly\u017e\u00ed, kter\u00e9 dostanete jak v&nbsp;na\u0161em tak i ostatn\u00edch obchodech jsou carvningov\u00e9 sjezdov\u00e9 ly\u017ee, kter\u00e9 se zna\u010dn\u011b li\u0161\u00ed od ly\u017e\u00ed, kter\u00e9 se prod\u00e1valy a pou\u017e\u00edvaly d\u0159\u00edve. U klasick\u00fdch sjezdov\u00fdch ly\u017e\u00ed bylo na sjezdovk\u00e1ch p\u0159i sjezdu pro zat\u00e1\u010den\u00ed p\u0159en\u00e1\u0161et v\u00e1hu, plu\u017eit, sm\u00fdkat se atd., aby ly\u017ee zato\u010dila pop\u0159. zabrzdila. U carvingov\u00fdch (vykrojen\u00fdch ly\u017e\u00ed) ly\u017e\u00ed je situace zcela jin\u00e1. Tyto ly\u017ee naklon\u011bn\u00edm na hranu vlivem vykrojen\u00ed, a hmotnosti ly\u017ea\u0159e zato\u010d\u00ed samy. Dnes je tedy d\u016fle\u017eit\u00e9 rozhodovat se, sp\u00ed\u0161e ne\u017e pouze podle v\u00fd\u0161ky a \u00farovn\u011b ly\u017eov\u00e1n\u00ed, podle kompletn\u00ed postavy ly\u017ea\u0159e (v\u00fd\u0161ka, v\u00e1ha), ter\u00e9nu, kter\u00fdm bude ly\u017ea\u0159 jezdit a kolik toho na ly\u017e\u00edch najezd\u00ed. Dal\u0161\u00edmi parametry pro v\u00fdb\u011br pak m\u016f\u017ee b\u00fdt i v\u011bk ly\u017ea\u0159e, styl, rychlost j\u00edzdy atd.<\/p>\n\n\n\n<h3><strong>Jak vyb\u00edrat ly\u017ee<\/strong><\/h3>\n\n\n\n<h4>D\u00e9lka<\/h4>\n\n\n\n<p>Zpravidla plat\u00ed, \u017ee d\u00e9lka ly\u017ee je z\u00e1visl\u00e1 na \u00farovni ly\u017ea\u0159e a na jeho postav\u011b. M\u00e9n\u011b pokro\u010dil\u00ed by m\u011bli vyb\u00edrat krat\u0161\u00ed ly\u017ee ne\u017e pokro\u010dil\u00ed ly\u017ea\u0159i. Za\u010d\u00e1te\u010dn\u00edk\u016fm doporu\u010dujeme ly\u017ee cca 20-15cm krat\u0161\u00ed ne\u017e je v\u00fd\u0161ka ly\u017ea\u0159e p\u0159i\u010dem\u017e maxim\u00e1ln\u00ed d\u00e9lka by nem\u011bla p\u0159es\u00e1hnout 170 cm. Pro rekrea\u010dn\u00ed ly\u017ea\u0159e je u univerz\u00e1ln\u00edch ly\u017e\u00ed vhodn\u00e1 d\u00e9lka o 20-10 cm krat\u0161\u00ed ne\u017e jeho v\u00fd\u0161ka, maxim\u00e1ln\u00ed d\u00e9lka by nem\u011bla b\u00fdt del\u0161\u00ed ne\u017e 180 cm. Sportovn\u00ed a velmi pokro\u010dil\u00ed ly\u017ea\u0159i, vyzn\u00e1vaj\u00edc\u00ed agresivn\u00ed a rychlou j\u00edzdu, pak mohou volit ly\u017ee del\u0161\u00ed, individu\u00e1ln\u011b a\u017e do d\u00e9lky odpov\u00eddaj\u00edc\u00ed sv\u00e9 v\u00fd\u0161ce. Maximum pak nen\u00ed nijak omezeno. Obecn\u011b by v\u0161ak nem\u011blo p\u0159es\u00e1hnout 190 cm.<\/p>\n\n\n\n<h4>Vykrojen\u00ed ly\u017e\u00ed<\/h4>\n\n\n\n<p>Vykrojen\u00ed ly\u017e\u00ed napom\u00e1h\u00e1 tomu, aby k vyjet\u00ed oblouku bylo zapot\u0159eb\u00ed co nejmen\u0161\u00ed \u00fasil\u00ed. Dle vykrojen\u00ed a stylu sv\u00e9 j\u00edzdy m\u016f\u017eete dos\u00e1hnout od voln\u00fdch ladn\u00fdch oblou\u010dk\u016f a\u017e razantn\u00edm sportovn\u00edm n\u00e1klon\u016fm. Nyn\u00ed ji\u017e nen\u00ed nutn\u00e9 nam\u00e1hat se p\u0159en\u00e1\u0161en\u00edm v\u00e1hy, sm\u00fdk\u00e1n\u00edm atd. Carvingov\u00e9 ly\u017ee ka\u017ed\u00e9mu napomohou ke snadn\u011bj\u0161\u00ed a elegantn\u011bj\u0161\u00ed j\u00edzd\u011b. Z\u00e1rove\u0148 jsou v\u00fdhodn\u00e9 pro star\u0161\u00ed ly\u017ea\u0159e, \u017eeny a ly\u017ea\u0159e s&nbsp;kloubn\u00edmi a jin\u00fdmi zdravotn\u00edmi pot\u00ed\u017eemi. Vykrojen\u00ed ly\u017e\u00ed nen\u00ed a\u017e tak rozhoduj\u00edc\u00ed parametr p\u0159i v\u00fdb\u011bru ly\u017e\u00ed. P\u0159i p\u0159echodu z&nbsp;klasick\u00fdch ly\u017e\u00ed doporu\u010dujeme sp\u00ed\u0161e men\u0161\u00ed vykrojen\u00ed. Pro za\u010d\u00e1te\u010dn\u00edky naopak v\u011bt\u0161\u00ed vykrojen\u00ed \u2013 v\u0161e se pak snadn\u011bji u\u010d\u00ed. Zdatn\u00ed a sportovn\u00ed ly\u017ea\u0159i ocen\u00ed sp\u00ed\u0161e \u0161ir\u0161\u00ed ly\u017ee s&nbsp;ur\u010dit\u00fdm zv\u00fd\u0161en\u00edm. Pro ly\u017ea\u0159e, kte\u0159\u00ed si cht\u011bj\u00ed u\u017e\u00edt na svahu sp\u00ed\u0161e z\u00e1bavu, ne\u017e se u\u010dit nov\u00e9 v\u011bci a zdokonalovat se, doporu\u010dujeme kr\u00e1tk\u00e9 ly\u017ee.<\/p>\n\n\n\n<h4>Radius<\/h4>\n\n\n\n<p>Radius je polom\u011br oblouku, kter\u00fd ly\u017ee vyjede d\u00edky sv\u00e9mu vykrojen\u00ed. \u010c\u00edm v\u011bt\u0161\u00ed je vykrojen\u00ed ly\u017ee, t\u00edm men\u0161\u00ed je r\u00e1dius. Ly\u017ee pro rychlou j\u00edzdu dlouh\u00fdm obloukem maj\u00ed r\u00e1dius 20 &#8211; 25 metr\u016f, univerz\u00e1ln\u00ed i pod 20 metr\u016f. Siln\u011b vykrojen\u00e9 tzv. Funcarvery maj\u00ed r\u00e1dius 9 &#8211; 12 metr\u016f, &nbsp;univerz\u00e1ly v\u011bt\u0161inou 12-17 m. \u010c\u00edm je r\u00e1dius men\u0161\u00ed, t\u00edm ochotn\u011bji a snadn\u011bji ly\u017ee p\u0159i naklopen\u00ed na hranu zat\u00e1\u010d\u00ed, a t\u00edm men\u0161\u00ed m\u016f\u017ee b\u00fdt rychlost, je\u017e je k elegantn\u00edmu oblouku nutn\u00e1.<\/p>\n\n\n\n<h3><strong>Lo\u0148sk\u00fd nebo leto\u0161n\u00ed model<\/strong><\/h3>\n\n\n\n<p>Pokud milujete nejnov\u011bj\u0161\u00ed vychyt\u00e1vky a designov\u00e9 v\u00fdst\u0159elky ur\u010dit\u011b si projd\u011bte nab\u00eddku t\u011bch nejnov\u011bj\u0161\u00edch model\u016f. Pokud v\u0161ak hled\u00e1te kvalitn\u00ed ly\u017ei nejen na jednu sez\u00f3nu, nev\u00e1hejte kouknout i do kategori\u00ed v\u00fdprodejov\u00fdch ly\u017e\u00ed. \u010casto lze najdete velmi kvalitn\u00ed ly\u017ee za bezkonkuren\u010dn\u00ed ceny. Nov\u00e9 modely v\u0161ak nep\u0159ich\u00e1zej\u00ed pouze s\u00a0nov\u00fdm designem. \u010casto u nich naleznete pokro\u010dil\u00e9 technologie a kvalitn\u011bj\u0161\u00ed zpracov\u00e1n\u00ed. Zva\u017ete tedy co od ly\u017ee o\u010dek\u00e1v\u00e1te, jak \u010dasto a kde budete ly\u017eovat. Pokud se nem\u016f\u017eete rozhodnout nev\u00e1hejte <a href=\"https:\/\/www.levnysport.cz\/?page_id=2\" data-type=\"page\" data-id=\"2\">n\u00e1s kontaktovat<\/a>. R\u00e1di V\u00e1m s\u00a0v\u00fdb\u011brem ly\u017e\u00ed porad\u00edme.<\/p>\n\n\n\n<h3><strong>Jak\u00e9 jsou vlastn\u011b druhy ly\u017e\u00ed?<\/strong><\/h3>\n\n\n\n<p><strong>Allroundcarver &#8211;<\/strong> ly\u017ee vhodn\u00e1 pro \u0161irok\u00e9 spektrum jezdc\u016f, od za\u010d\u00e1te\u010dn\u00edk\u016f po st\u0159edn\u011b pokro\u010dil\u00e9 ly\u017ea\u0159e jezd\u00edc\u00ed rychlost\u00ed a\u017e 50 km\/h. Dle stylu j\u00edzdy a pokro\u010dilosti ly\u017ea\u0159e je nutn\u00e9 tak\u00e9 volit d\u00e9lku. Pro za\u010d\u00e1te\u010dn\u00edky a rekrea\u010dn\u00ed jezdce jsou vhodn\u011bj\u0161\u00ed krat\u0161\u00ed ly\u017ee (v\u00fd\u0161ka postavy \u2013 20-15 cm). Pro pokro\u010dilej\u0161\u00ed ly\u017ea\u0159e je pak vhodn\u00e1 d\u00e9lka \u2013 15 a\u017e &#8211; 10 cm, p\u0159i\u010dem\u017e d\u00e9lka by nem\u011bla p\u0159es\u00e1hnout 170 cm. Pro sportovn\u00ed ly\u017ea\u0159e jezd\u00edc\u00edho v\u011bt\u0161\u00edmi rychlostmi d\u00e9lka do 175 cm (v\u00fd\u0161ka postavy \u2013 cca 10cm).<\/p>\n\n\n\n<p><strong>Slalomka &#8211;<\/strong> ly\u017ee vhodn\u00e1 pro dobr\u00e9 sportovn\u00ed jezdce, kte\u0159\u00ed uzn\u00e1vaj\u00ed kr\u00e1tk\u00fd a\u017e st\u0159edn\u00ed oblouk a v\u00fdraznou j\u00edzdu po hran\u011b. Rychlost se pohybuje p\u0159ibli\u017en\u011b do 50 km\/h. Volba d\u00e9lky: cca \u2013 20cm. Obecn\u011b pak plat\u00ed, \u017ee nejkrat\u0161\u00ed jsou vhodn\u00e9 pro \u017eeny<\/p>\n\n\n\n<p><strong>Ob\u0159a\u010dka &#8211;<\/strong>&nbsp; ly\u017ee ur\u010den\u00e9 pouze pro rychlostn\u011b a na dlouh\u00fd oblouk zam\u011b\u0159en\u00e9 jezdce expertn\u00ed kategorie, fyzicky zdatn\u00e9. Na ob\u0159a\u010dk\u00e1ch lze dosahovat vysok\u00fdch rychlost\u00ed, a j\u00edzdy si u\u017eijete \u010dasto i v&nbsp;rychlosti okolo 70 km\/h. Volba d\u00e9lky: vhodn\u00e1 je d\u00e9lka odpov\u00eddaj\u00edc\u00ed v\u00fd\u0161ce ly\u017ea\u0159e, p\u0159\u00edpadn\u011b + cca 5 cm. Ly\u017ee by a\u017e na v\u00fdjimky nem\u011bly p\u0159es\u00e1hnout d\u00e9lku 190 cm.<\/p>\n\n\n\n<p><strong>Crosscarver &#8211;<\/strong> ly\u017ee pro sportovn\u00ed jezdce, na upraven\u00e9 i neupraven\u00e9 sjezdovky a pro st\u0159edn\u00ed a del\u0161\u00ed oblouk. Vhodn\u00e1 pro rychlej\u0161\u00ed ly\u017ea\u0159e (cca do 60 km\/h). Volba d\u00e9lky: &#8211; 5&nbsp; a\u017e -10 cm. D\u00e9lka by nem\u011bla p\u0159es\u00e1hnout 185 cm<\/p>\n\n\n\n<p><strong>Allmountain &#8211;<\/strong> vhodn\u00e1 pro ly\u017ea\u0159e, kte\u0159\u00ed miluj\u00ed pra\u0161an a jin\u00fd neupraven\u00fd ter\u00e9n. Ly\u017ei je nutno vyb\u00edrat podle o\u010dek\u00e1v\u00e1n\u00ed ly\u017ea\u0159e \u2013 je pot\u0159eba zv\u00e1\u017eit pom\u011br ve kter\u00e9m bude ly\u017ea\u0159 jezdit po upraven\u00fdch a neupraven\u00fdch sjezdovk\u00e1ch. Pro pokro\u010dilej\u0161\u00ed ly\u017ea\u0159e je pak vhodn\u00e1 d\u00e9lka \u2013 15 a\u017e &#8211; 10 cm<\/p>\n\n\n\n<p><strong>Skiboards (SB)<\/strong>: Jedn\u00e1 se o nejkrat\u0161\u00ed ly\u017ee. \u010casto krat\u0161\u00ed ne\u017e 100 cm. Jsou vhodn\u00e9 sp\u00ed\u0161e pro z\u00e1bavu a pro r\u016fzn\u00e9 akrobatick\u00e9 radov\u00e1nky.<br><br><strong>Rychlosti, kter\u00e9 jsou uvedeny u jednotliv\u00fdch typ\u016f ly\u017e\u00ed jsou pouze orienta\u010dn\u00ed a je s&nbsp;nimi po\u010d\u00edt\u00e1no p\u0159i j\u00edzd\u011b s&nbsp;oblouky odpov\u00eddaj\u00edc\u00edmi jejich vykrojen\u00ed. Pokud budete jezdit s&nbsp;ur\u010dit\u00fdm typem ly\u017e\u00ed \u201e\u0161usem\u201c dos\u00e1hnete \u010dasto rychlost\u00ed mnohem vy\u0161\u0161\u00edch (podle hmotnosti, druhu trati atd). Ka\u017ed\u00fd ly\u017ea\u0159 ale jist\u011b uzn\u00e1, \u017ee j\u00edzda \u0161usem nen\u00ed to prav\u00e9 co od ly\u017eov\u00e1n\u00ed o\u010dek\u00e1v\u00e1.<\/strong><\/p>\n\n\n\n<h3><strong>Testovac\u00ed ly\u017ee<\/strong><\/h3>\n\n\n\n<p>Zaujala V\u00e1s nab\u00eddka testovac\u00edch ly\u017ei v\u00a0na\u0161\u00ed nab\u00eddce a nev\u00edte, co p\u0159esn\u011b si pod pojmem Testovac\u00ed ly\u017ee p\u0159edstavit? V\u0161echny tyto ly\u017ee n\u00e1m byly odprod\u00e1ny v\u00fdrobcem pro otestov\u00e1n\u00ed jejich kvalit. Tyto ly\u017ee jsme V\u00e1m ukazovali\u00a0 na r\u016fzn\u00fdch p\u0159edv\u00e1d\u011bc\u00edch akc\u00edch a testovali je v\u00a0\u010desk\u00fdch a alpsk\u00fdch podm\u00ednk\u00e1ch. M\u016f\u017ee se tedy st\u00e1t \u017ee se na nich najde n\u011bjak\u00e1 ta od\u011brka, ale rozhodn\u011b <strong>nejsou n\u011bjak v\u00edce po\u0161kozeny<\/strong>. Kdykoliv m\u00e1te mo\u017enost si u n\u00e1s ly\u017ee z\u00a0tohoto seznamu otestovat a zjistit tak, \u017ee jsou to pro V\u00e1s ty prav\u00e9.<\/p>\n\n\n\n<h3><strong>Sety ly\u017e\u00ed s\u00a0v\u00e1z\u00e1n\u00edm<\/strong><\/h3>\n\n\n\n<p>V\u0161echny sjezdov\u00e9 ly\u017ee, kter\u00e9 V\u00e1m nab\u00edz\u00edme jsou set ly\u017e\u00ed v\u010detn\u011b v\u00e1z\u00e1n\u00ed a desky. Tyto sety jsou dod\u00e1v\u00e1ny ji\u017e od na\u0161eho dodavatele a jsou voleny tak aby byly pln\u011b kompatibiln\u00ed. Jedin\u011b za tohoto spojen\u00ed V\u00e1m ly\u017ee zaru\u010d\u00ed neopakovateln\u00fd po\u017eitek z\u00a0j\u00edzdy. Je nutn\u00e9 tak\u00e9 p\u0159ipomenout, \u017ee p\u0159i n\u00e1kupu ly\u017e\u00ed u n\u00e1s m\u00e1te v\u00a0cen\u011b ji\u017e zapo\u010d\u00edt\u00e1no se\u0159\u00edzen\u00ed a v\u0161echny ostatn\u00ed nezbytn\u00e9 v\u011bci pro pohodov\u00e9 ly\u017eov\u00e1n\u00ed. <strong>Varujeme V\u00e1s p\u0159ed n\u00e1kupem ly\u017e\u00ed v\u00a0r\u016fzn\u00fdch velkoobchodn\u00edch \u0159et\u011bzc\u00edch (supermarkety, hypermarkety apod<\/strong>.), kde V\u00e1m \u010dasto neza\u0159\u00edd\u00ed ani z\u00e1kladn\u00ed servis ly\u017ee.<\/p>\n\n\n\n<h3><strong>Ly\u017ee pro \u017eeny<\/strong><\/h3>\n\n\n\n<p>V\u0161imli jste si v&nbsp;nab\u00eddce model\u016f ozna\u010den\u00fdch jako ly\u017ee pro \u017eeny? A nev\u00edte jak\u00fd je v&nbsp;nich rozd\u00edl oproti ostatn\u00edm? V\u011bzte \u017ee v\u00fdrobci skute\u010dn\u011b vyv\u00edjej\u00ed ly\u017ee v\u00edce uzp\u016fsoben\u00e9 pro \u017eeny. Berou ohled na mnoho aspekt\u016f nap\u0159\u00edklad na s\u00edlu a fyzickou zdatnost \u017een a d\u00edvek, agresivitu p\u0159i j\u00edzd\u011b, rychlost atd. Ly\u017ee pro \u017eeny jsou konstruov\u00e1ny pro jemn\u011bj\u0161\u00ed a pohodov\u011bj\u0161\u00ed j\u00edzdu. P\u0159\u00edpadn\u011b je upraveno t\u011b\u017ei\u0161t\u011b. Rovn\u011b\u017e design je volen tak aby padl d\u00e1m\u00e1m do oka. Obecn\u011b v\u0161ak plat\u00ed, \u017ee vyu\u017eit\u00e9 technologie se neli\u0161\u00ed, pouze jsou uzp\u016fsobeny pro n\u011b\u017en\u011bj\u0161\u00ed \u010d\u00e1st populace.<\/p>\n","protected":false},"excerpt":{"rendered":"<p>\u00davodem V&nbsp;prvn\u00ed \u0159ad\u011b je nutn\u00e9 si ujasnit sou\u010dasnou situaci. 99% ly\u017e\u00ed, kter\u00e9 dostanete jak v&nbsp;na\u0161em tak i ostatn\u00edch obchodech jsou carvningov\u00e9 sjezdov\u00e9 ly\u017ee, kter\u00e9 se zna\u010dn\u011b li\u0161\u00ed od ly\u017e\u00ed, kter\u00e9 se prod\u00e1valy a pou\u017e\u00edvaly d\u0159\u00edve. U klasick\u00fdch sjezdov\u00fdch ly\u017e\u00ed bylo na sjezdovk\u00e1ch p\u0159i sjezdu pro zat\u00e1\u010den\u00ed p\u0159en\u00e1\u0161et v\u00e1hu, plu\u017eit, sm\u00fdkat se atd., aby ly\u017ee zato\u010dila&hellip; <a class=\"more-link\" href=\"https:\/\/www.levnysport.cz\/?page_id=51\">Pokra\u010dovat ve\u00a0\u010dten\u00ed <span class=\"screen-reader-text\">V\u00fdb\u011br sjezdov\u00fdch ly\u017e\u00ed<\/span><\/a><\/p>\n","protected":false},"author":1,"featured_media":0,"parent":49,"menu_order":0,"comment_status":"closed","ping_status":"closed","template":"","meta":{"spay_email":""},"_links":{"self":[{"href":"https:\/\/www.levnysport.cz\/index.php?rest_route=\/wp\/v2\/pages\/51"}],"collection":[{"href":"https:\/\/www.levnysport.cz\/index.php?rest_route=\/wp\/v2\/pages"}],"about":[{"href":"https:\/\/www.levnysport.cz\/index.php?rest_route=\/wp\/v2\/types\/page"}],"author":[{"embeddable":true,"href":"https:\/\/www.levnysport.cz\/index.php?rest_route=\/wp\/v2\/users\/1"}],"replies":[{"embeddable":true,"href":"https:\/\/www.levnysport.cz\/index.php?rest_route=%2Fwp%2Fv2%2Fcomments&post=51"}],"version-history":[{"count":1,"href":"https:\/\/www.levnysport.cz\/index.php?rest_route=\/wp\/v2\/pages\/51\/revisions"}],"predecessor-version":[{"id":52,"href":"https:\/\/www.levnysport.cz\/index.php?rest_route=\/wp\/v2\/pages\/51\/revisions\/52"}],"up":[{"embeddable":true,"href":"https:\/\/www.levnysport.cz\/index.php?rest_route=\/wp\/v2\/pages\/49"}],"wp:attachment":[{"href":"https:\/\/www.levnysport.cz\/index.php?rest_route=%2Fwp%2Fv2%2Fmedia&parent=51"}],"curies":[{"name":"wp","href":"https:\/\/api.w.org\/{rel}","templated":true}]}}