{"id":5,"date":"2021-11-28T14:29:01","date_gmt":"2021-11-28T13:29:01","guid":{"rendered":"https:\/\/www.levnysport.cz\/?page_id=5"},"modified":"2021-11-28T16:57:58","modified_gmt":"2021-11-28T15:57:58","slug":"vytvorte-si-svuj-web-s-bloky","status":"publish","type":"page","link":"https:\/\/www.levnysport.cz\/","title":{"rendered":"V\u00edtejte"},"content":{"rendered":"\n<div class=\"wp-block-columns alignwide are-vertically-aligned-center is-style-twentytwentyone-columns-overlap\">\n<div class=\"wp-block-column is-vertically-aligned-center\">\n<div style=\"height:168px\" aria-hidden=\"true\" class=\"wp-block-spacer\"><\/div>\n\n\n\n<h2 class=\"has-gigantic-font-size\">V\u00edtejte<\/h2>\n<\/div>\n\n\n\n<div class=\"wp-block-column is-vertically-aligned-center\">\n<figure class=\"wp-block-image size-large\"><img loading=\"lazy\" width=\"1024\" height=\"478\" src=\"https:\/\/www.levnysport.cz\/wp-content\/uploads\/2021\/11\/home-1024x478.jpg\" alt=\"\" class=\"wp-image-29\" srcset=\"https:\/\/www.levnysport.cz\/wp-content\/uploads\/2021\/11\/home-1024x478.jpg 1024w, https:\/\/www.levnysport.cz\/wp-content\/uploads\/2021\/11\/home-300x140.jpg 300w, https:\/\/www.levnysport.cz\/wp-content\/uploads\/2021\/11\/home-768x358.jpg 768w, https:\/\/www.levnysport.cz\/wp-content\/uploads\/2021\/11\/home-1536x717.jpg 1536w, https:\/\/www.levnysport.cz\/wp-content\/uploads\/2021\/11\/home-2048x956.jpg 2048w, https:\/\/www.levnysport.cz\/wp-content\/uploads\/2021\/11\/home-1568x732.jpg 1568w\" sizes=\"(max-width: 1024px) 100vw, 1024px\" \/><\/figure>\n<\/div>\n<\/div>\n\n\n\n<div style=\"height:50px\" aria-hidden=\"true\" class=\"wp-block-spacer\"><\/div>\n\n\n\n<div class=\"wp-block-columns alignwide are-vertically-aligned-top\">\n<div class=\"wp-block-column is-vertically-aligned-top\">\n<h3>Prodej ly\u017e\u00ed a j\u00edzdn\u00edch kol<\/h3>\n\n\n\n<p>Ji\u017e v\u00edce ne\u017e 25 let V\u00e1m p\u0159in\u00e1\u0161\u00edme osobn\u00ed p\u0159\u00edstup v prodeji j\u00edzdn\u00edch kol a ly\u017e\u00ed. Na z\u00e1klad\u011b osobn\u00ed konzultace jsme p\u0159ipraveni V\u00e1m doporu\u010dit nejlep\u0161\u00ed kolo \u010di ly\u017ee a k tomu pro V\u00e1s zajistit nejv\u00fdhodn\u011bj\u0161\u00ed cenu. <a href=\"https:\/\/www.levnysport.cz\/?page_id=6\" data-type=\"page\" data-id=\"6\">N\u00e1\u0161 p\u0159\u00edb\u011bh<\/a>.<\/p>\n<\/div>\n\n\n\n<div class=\"wp-block-column is-vertically-aligned-top\">\n<h3>Skiservis Montana<\/h3>\n\n\n\n<p>Va\u0161e ly\u017ee u n\u00e1s maj\u00ed tu nejlep\u0161\u00ed p\u00e9\u010di. Na\u0161\u00edm servisn\u00edm technik\u016fm je k dispozici \u0159ada nejmodern\u011bj\u0161\u00edch technologi\u00ed Montana Swiss. Je n\u00e1m ct\u00ed pat\u0159it k elit\u011b autorizovan\u00fdch servisn\u00edch center Montana TOP SKI SERVICE TEAM *****. <a href=\"https:\/\/www.levnysport.cz\/?page_id=59\" data-type=\"page\" data-id=\"59\">V\u00edce informac\u00ed<\/a><\/p>\n<\/div>\n\n\n\n<div class=\"wp-block-column is-vertically-aligned-top\">\n<h3>Profesion\u00e1ln\u00ed servis<\/h3>\n\n\n\n<p>Krom\u011b servisu ly\u017e\u00ed zaji\u0161\u0165ujeme i profesion\u00e1ln\u00ed servis j\u00edzdn\u00edch kol, a\u0165 u\u017e jde o v\u00fdm\u011bnu du\u0161e nebo se\u0159\u00edzen\u00ed hydraulick\u00fdch brzd. <a href=\"https:\/\/www.levnysport.cz\/?page_id=2\" data-type=\"page\" data-id=\"2\">Nev\u00e1hejte se na n\u00e1s obr\u00e1tit.<\/a> Jsme tu pro V\u00e1s.<\/p>\n<\/div>\n<\/div>\n\n\n\n<p><\/p>\n","protected":false},"excerpt":{"rendered":"<p>V\u00edtejte Prodej ly\u017e\u00ed a j\u00edzdn\u00edch kol Ji\u017e v\u00edce ne\u017e 25 let V\u00e1m p\u0159in\u00e1\u0161\u00edme osobn\u00ed p\u0159\u00edstup v prodeji j\u00edzdn\u00edch kol a ly\u017e\u00ed. Na z\u00e1klad\u011b osobn\u00ed konzultace jsme p\u0159ipraveni V\u00e1m doporu\u010dit nejlep\u0161\u00ed kolo \u010di ly\u017ee a k tomu pro V\u00e1s zajistit nejv\u00fdhodn\u011bj\u0161\u00ed cenu. N\u00e1\u0161 p\u0159\u00edb\u011bh. Skiservis Montana Va\u0161e ly\u017ee u n\u00e1s maj\u00ed tu nejlep\u0161\u00ed p\u00e9\u010di. Na\u0161\u00edm servisn\u00edm&hellip; <a class=\"more-link\" href=\"https:\/\/www.levnysport.cz\/\">Pokra\u010dovat ve\u00a0\u010dten\u00ed <span class=\"screen-reader-text\">V\u00edtejte<\/span><\/a><\/p>\n","protected":false},"author":1,"featured_media":0,"parent":0,"menu_order":0,"comment_status":"closed","ping_status":"closed","template":"","meta":{"spay_email":""},"_links":{"self":[{"href":"https:\/\/www.levnysport.cz\/index.php?rest_route=\/wp\/v2\/pages\/5"}],"collection":[{"href":"https:\/\/www.levnysport.cz\/index.php?rest_route=\/wp\/v2\/pages"}],"about":[{"href":"https:\/\/www.levnysport.cz\/index.php?rest_route=\/wp\/v2\/types\/page"}],"author":[{"embeddable":true,"href":"https:\/\/www.levnysport.cz\/index.php?rest_route=\/wp\/v2\/users\/1"}],"replies":[{"embeddable":true,"href":"https:\/\/www.levnysport.cz\/index.php?rest_route=%2Fwp%2Fv2%2Fcomments&post=5"}],"version-history":[{"count":13,"href":"https:\/\/www.levnysport.cz\/index.php?rest_route=\/wp\/v2\/pages\/5\/revisions"}],"predecessor-version":[{"id":81,"href":"https:\/\/www.levnysport.cz\/index.php?rest_route=\/wp\/v2\/pages\/5\/revisions\/81"}],"wp:attachment":[{"href":"https:\/\/www.levnysport.cz\/index.php?rest_route=%2Fwp%2Fv2%2Fmedia&parent=5"}],"curies":[{"name":"wp","href":"https:\/\/api.w.org\/{rel}","templated":true}]}}